{"id":4152,"date":"2019-01-27T03:22:46","date_gmt":"2019-01-27T03:22:46","guid":{"rendered":"https:\/\/www.seefeldgroup.com\/copyrights-responsibility-privacy\/"},"modified":"2019-01-31T01:21:51","modified_gmt":"2019-01-31T01:21:51","slug":"droits-d-auteur","status":"publish","type":"page","link":"https:\/\/www.seefeldgroup.com\/fr\/droits-d-auteur\/","title":{"rendered":"Droits d\u2019auteur"},"content":{"rendered":"<p>{\u00ab\u00a0main-title\u00a0\u00bb:{\u00ab\u00a0component\u00a0\u00bb:\u00a0\u00bbhc_title\u00a0\u00bb,\u00a0\u00bbid\u00a0\u00bb:\u00a0\u00bbmain-title\u00a0\u00bb,\u00a0\u00bbtitle\u00a0\u00bb:\u00a0\u00bb\u00a0\u00bb,\u00a0\u00bbsubtitle\u00a0\u00bb:\u00a0\u00bb\u00a0\u00bb,\u00a0\u00bbtitle_content\u00a0\u00bb:{\u00ab\u00a0component\u00a0\u00bb:\u00a0\u00bbhc_title_base\u00a0\u00bb,\u00a0\u00bbid\u00a0\u00bb:\u00a0\u00bbtitle-base\u00a0\u00bb,\u00a0\u00bbimage\u00a0\u00bb:\u00a0\u00bbhttps:\/\/www.seefeldgroup.com\/wp-content\/uploads\/2019\/01\/bg-what-we-do-1024&#215;133.jpg|250|1920|3562&Prime;,\u00a0\u00bbbreadcrumbs\u00a0\u00bb:false,\u00a0\u00bbwhite\u00a0\u00bb:false}},\u00a0\u00bbsection_5ZtkF\u00a0\u00bb:{\u00ab\u00a0component\u00a0\u00bb:\u00a0\u00bbhc_section\u00a0\u00bb,\u00a0\u00bbid\u00a0\u00bb:\u00a0\u00bbsection_5ZtkF\u00a0\u00bb,\u00a0\u00bbsection_width\u00a0\u00bb:\u00a0\u00bb\u00a0\u00bb,\u00a0\u00bbanimation\u00a0\u00bb:\u00a0\u00bb\u00a0\u00bb,\u00a0\u00bbanimation_time\u00a0\u00bb:\u00a0\u00bb\u00a0\u00bb,\u00a0\u00bbtimeline_animation\u00a0\u00bb:\u00a0\u00bb\u00a0\u00bb,\u00a0\u00bbtimeline_delay\u00a0\u00bb:\u00a0\u00bb\u00a0\u00bb,\u00a0\u00bbtimeline_order\u00a0\u00bb:\u00a0\u00bb\u00a0\u00bb,\u00a0\u00bbvertical_row\u00a0\u00bb:\u00a0\u00bb\u00a0\u00bb,\u00a0\u00bbbox_middle\u00a0\u00bb:\u00a0\u00bb\u00a0\u00bb,\u00a0\u00bbcss_classes\u00a0\u00bb:\u00a0\u00bb\u00a0\u00bb,\u00a0\u00bbcustom_css_classes\u00a0\u00bb:\u00a0\u00bb\u00a0\u00bb,\u00a0\u00bbcustom_css_styles\u00a0\u00bb:\u00a0\u00bb\u00a0\u00bb,\u00a0\u00bbsection_content\u00a0\u00bb:[{\u00ab\u00a0component\u00a0\u00bb:\u00a0\u00bbhc_column\u00a0\u00bb,\u00a0\u00bbid\u00a0\u00bb:\u00a0\u00bbcolumn_of1VR\u00a0\u00bb,\u00a0\u00bbcolumn_width\u00a0\u00bb:\u00a0\u00bbcol-md-12&Prime;,\u00a0\u00bbanimation\u00a0\u00bb:\u00a0\u00bb\u00a0\u00bb,\u00a0\u00bbanimation_time\u00a0\u00bb:\u00a0\u00bb\u00a0\u00bb,\u00a0\u00bbtimeline_animation\u00a0\u00bb:\u00a0\u00bb\u00a0\u00bb,\u00a0\u00bbtimeline_delay\u00a0\u00bb:\u00a0\u00bb\u00a0\u00bb,\u00a0\u00bbtimeline_order\u00a0\u00bb:\u00a0\u00bb\u00a0\u00bb,\u00a0\u00bbcss_classes\u00a0\u00bb:\u00a0\u00bb\u00a0\u00bb,\u00a0\u00bbcustom_css_classes\u00a0\u00bb:\u00a0\u00bb\u00a0\u00bb,\u00a0\u00bbcustom_css_styles\u00a0\u00bb:\u00a0\u00bb\u00a0\u00bb,\u00a0\u00bbmain_content\u00a0\u00bb:[{\u00ab\u00a0component\u00a0\u00bb:\u00a0\u00bbhc_wp_editor\u00a0\u00bb,\u00a0\u00bbid\u00a0\u00bb:\u00a0\u00bb0c5b0&Prime;,\u00a0\u00bbcss_classes\u00a0\u00bb:\u00a0\u00bb\u00a0\u00bb,\u00a0\u00bbcustom_css_classes\u00a0\u00bb:\u00a0\u00bb\u00a0\u00bb,\u00a0\u00bbcustom_css_styles\u00a0\u00bb:\u00a0\u00bb\u00a0\u00bb,\u00a0\u00bbeditor_content\u00a0\u00bb:\u00a0\u00bb<\/p>\n<h3>Responsabilit\u00e9 de contenu<\/h3>\n<p>\\nSeefeld a fait preuve de la plus grande diligence lors de la cr\u00e9ation des pages de son site Web. Toutefois, nous ne pouvons \u00eatre tenus responsables de la pr\u00e9cision, de l\u2019exhaustivit\u00e9 ou de la fiabilit\u00e9 du contenu des pr\u00e9sentes.\\n<\/p>\n<h3>Responsabilit\u00e9 des liens<\/h3>\n<p>\\nNotre site contient des liens \u00e0 des sites Web de tiers et nous n\u2019avons aucune influence sur leur contenu. Par cons\u00e9quent, Seefeld ne peut \u00eatre tenue responsable du contenu de ces sites tiers. Les propri\u00e9taires ou op\u00e9rateurs de ces sites auxquels nous sommes li\u00e9s sont les seuls responsables du contenu de leurs sites. Les sites auxquels est li\u00e9 notre site sont r\u00e9vis\u00e9s pour d\u00e9tecter une possible infraction \u00e0 la loi avant que le lien ne soit ajout\u00e9. Le filtrage continuel du contenu des pages sur lesquelles nous ajoutons des liens, sans raison de suspecter une infraction \u00e0 la loi, n\u2019est ni praticable, ni raisonnable. Dans le cas o\u00f9 nous constatons une infraction \u00e0 la loi, nous retirerons imm\u00e9diatement le ou les lien(s) en question.\\n\\nLe contenu et les \u00e9l\u00e9ments graphiques publi\u00e9s sur ces pages par les op\u00e9rateurs du site sont prot\u00e9g\u00e9s par les lois sur les droits d\u2019auteur. Les contributions, ainsi que le mat\u00e9riel, de tiers sont identifi\u00e9s \u00e0 ce titre. Toute reproduction, traitement, distribution ou utilisation \u00e0 l\u2019ext\u00e9rieur des limites \u00e9tablies par les lois sur les droits d\u2019auteur n\u00e9cessite pr\u00e9alablement une autorisation \u00e9crite de l\u2019auteur ou du cr\u00e9ateur. Ce site et ses pages peuvent \u00eatre t\u00e9l\u00e9charg\u00e9s ou copi\u00e9s uniquement aux fins priv\u00e9es et non commerciales.\\n\\nL\u2019op\u00e9rateur de ce site prend toutes les mesures n\u00e9cessaires pour respecter les droits d\u2019auteur des tiers et pour utiliser uniquement ses propres contenus et \u00e9l\u00e9ments originaux, ou du mat\u00e9riel sans droit d\u2019auteur.\\n<\/p>\n<h3>Confidentialit\u00e9 des donn\u00e9es<\/h3>\n<p>\\nDans l\u2019\u00e9ventualit\u00e9 o\u00f9 nous proc\u00e9dons \u00e0 la cueillette de donn\u00e9es personnelles (p. ex. noms, adresse postale ou de courriel des utilisateurs) par le biais des pages de notre site Web, cette d\u00e9marche sera sur une base volontaire. En autant que possible, les visiteurs du site seront en mesure de voir et d\u2019utiliser le contenu et les services du site sans avoir \u00e0 fournir des renseignements personnels.\\n\\nNous tenons \u00e0 pr\u00e9ciser que les donn\u00e9es transmises par Internet (p. ex. courriels) ne sont pas prot\u00e9g\u00e9es et qu\u2019elles sont potentiellement vuln\u00e9rables \u00e0 une mauvaise utilisation. Il est impossible de prot\u00e9ger enti\u00e8rement des donn\u00e9es de l\u2019acc\u00e8s par un tiers.\\n\\nLes coordonn\u00e9es publi\u00e9es aux pr\u00e9sentes sont conformes \u00e0 l\u2019identification obligatoire et ne peuvent, en aucun cas, \u00eatre utilis\u00e9es aux fins d\u2019exp\u00e9dition de publicit\u00e9 ou de mat\u00e9riel de renseignement non sollicit\u00e9s. Les op\u00e9rateurs de ce site se r\u00e9servent le droit d\u2019entreprendre des poursuites dans l\u2019\u00e9ventualit\u00e9 o\u00f9 une telle publicit\u00e9 ou un tel mat\u00e9riel publicitaire est re\u00e7u (p. ex. sous forme de pourriels).\u00a0\u00bb}]},{\u00ab\u00a0component\u00a0\u00bb:\u00a0\u00bbhc_column\u00a0\u00bb,\u00a0\u00bbid\u00a0\u00bb:\u00a0\u00bbcolumn_5ZtkF\u00a0\u00bb,\u00a0\u00bbcolumn_width\u00a0\u00bb:\u00a0\u00bbcol-md-12&Prime;,\u00a0\u00bbanimation\u00a0\u00bb:\u00a0\u00bb\u00a0\u00bb,\u00a0\u00bbanimation_time\u00a0\u00bb:\u00a0\u00bb\u00a0\u00bb,\u00a0\u00bbtimeline_animation\u00a0\u00bb:\u00a0\u00bb\u00a0\u00bb,\u00a0\u00bbtimeline_delay\u00a0\u00bb:\u00a0\u00bb\u00a0\u00bb,\u00a0\u00bbtimeline_order\u00a0\u00bb:\u00a0\u00bb\u00a0\u00bb,\u00a0\u00bbcss_classes\u00a0\u00bb:\u00a0\u00bb\u00a0\u00bb,\u00a0\u00bbcustom_css_classes\u00a0\u00bb:\u00a0\u00bb\u00a0\u00bb,\u00a0\u00bbcustom_css_styles\u00a0\u00bb:\u00a0\u00bb\u00a0\u00bb,\u00a0\u00bbmain_content\u00a0\u00bb:[{\u00ab\u00a0component\u00a0\u00bb:\u00a0\u00bbhc_code_block\u00a0\u00bb,\u00a0\u00bbid\u00a0\u00bb:\u00a0\u00bbfJDuJ\u00a0\u00bb,\u00a0\u00bbcss_classes\u00a0\u00bb:\u00a0\u00bb\u00a0\u00bb,\u00a0\u00bbcustom_css_classes\u00a0\u00bb:\u00a0\u00bb\u00a0\u00bb,\u00a0\u00bbcustom_css_styles\u00a0\u00bb:\u00a0\u00bb\u00a0\u00bb,\u00a0\u00bbcontent\u00a0\u00bb:\u00a0\u00bb003c007300740079006c0065003e000a002e006800650061006400650072002d0062006100730065002c000a002e007400690074006c0065002d0062006100730065002e0074006500780074002d006c006500660074007b000a00700061006400640069006e0067003a003000210069006d0070006f007200740061006e0074003b000a006d0061007200670069006e003a003000210069006d0070006f007200740061006e0074000a007d000a002e006800650061006400650072002d0062006100730065007b000a0064006900730070006c00610079003a00200066006c00650078003b0020000a0020002000200020002000200066006c00650078002d0064006900720065006300740069006f006e003a00200063006f006c0075006d006e003b0020000a002000200020002000200020006a007500730074006900660079002d0063006f006e00740065006e0074003a002000630065006e007400650072003b0020000a007d000a002e007400690074006c0065002d0062006100730065002e0074006500780074002d006c006500660074002000680031007b000a006d0061007200670069006e003a003000210069006d0070006f007200740061006e0074003b000a00700061006400640069006e0067003a003000210069006d0070006f007200740061006e0074003b000a0066006f006e0074002d00730069007a0065003a003700300070007800210069006d0070006f007200740061006e0074003b000a0063006f006c006f0072003a002300660066006600660066006600210069006d0070006f007200740061006e0074003b000a007d000a0040006d00650064006900610020006f006e006c0079002000730063007200650065006e0020000a0061006e006400200028006d0069006e002d006400650076006900630065002d007700690064007400680020003a00200037003600380070007800290020000a0061006e006400200028006d00610078002d006400650076006900630065002d007700690064007400680020003a0020003100300032003400700078002900200020007b0020000a0020002000200020002e007400690074006c0065002d0062006100730065002e0074006500780074002d006c006500660074002000680031007b000a00200020002000200020002000200020006d0061007200670069006e002d0074006f0070003a003100350070007800210069006d0070006f007200740061006e0074003b000a0020002000200020007d000a007d000a000a0040006d00650064006900610020006f006e006c0079002000730063007200650065006e0020000a0061006e006400200028006d00610078002d006400650076006900630065002d007700690064007400680020003a0020003900390037007000780029007b000a002e007400690074006c0065002d0062006100730065002e0074006500780074002d006c006500660074002000680031007b000a0066006f006e0074002d00730069007a0065003a003400300070007800210069006d0070006f007200740061006e0074003b000a006c0069006e0065002d006800650069006700680074003a006e006f0072006d0061006c003b000a007d000a007d000a003c002f007300740079006c0065003e\u00a0\u00bb,\u00a0\u00bblanguage\u00a0\u00bb:\u00a0\u00bb\u00a0\u00bb}]}],\u00a0\u00bbsection_settings\u00a0\u00bb:\u00a0\u00bb\u00a0\u00bb},\u00a0\u00bbscripts\u00a0\u00bb:{},\u00a0\u00bbcss\u00a0\u00bb:{},\u00a0\u00bbcss_page\u00a0\u00bb:\u00a0\u00bb\u00a0\u00bb,\u00a0\u00bbtemplate_setting\u00a0\u00bb:{\u00ab\u00a0settings\u00a0\u00bb:{\u00ab\u00a0id\u00a0\u00bb:\u00a0\u00bbsettings\u00a0\u00bb}},\u00a0\u00bbtemplate_setting_top\u00a0\u00bb:{},\u00a0\u00bbpage_setting\u00a0\u00bb:{\u00ab\u00a0settings\u00a0\u00bb:[\u00ab\u00a0lock-mode-off\u00a0\u00bb]}}<\/p>\n","protected":false},"excerpt":{"rendered":"<p>{\u00ab\u00a0main-title\u00a0\u00bb:{\u00ab\u00a0component\u00a0\u00bb:\u00a0\u00bbhc_title\u00a0\u00bb,\u00a0\u00bbid\u00a0\u00bb:\u00a0\u00bbmain-title\u00a0\u00bb,\u00a0\u00bbtitle\u00a0\u00bb:\u00a0\u00bb\u00a0\u00bb,\u00a0\u00bbsubtitle\u00a0\u00bb:\u00a0\u00bb\u00a0\u00bb,\u00a0\u00bbtitle_content\u00a0\u00bb:{\u00ab\u00a0component\u00a0\u00bb:\u00a0\u00bbhc_title_base\u00a0\u00bb,\u00a0\u00bbid\u00a0\u00bb:\u00a0\u00bbtitle-base\u00a0\u00bb,\u00a0\u00bbimage\u00a0\u00bb:\u00a0\u00bbhttps:\/\/www.seefeldgroup.com\/wp-content\/uploads\/2019\/01\/bg-what-we-do-1024&#215;133.jpg|250|1920|3562&Prime;,\u00a0\u00bbbreadcrumbs\u00a0\u00bb:false,\u00a0\u00bbwhite\u00a0\u00bb:false}},\u00a0\u00bbsection_5ZtkF\u00a0\u00bb:{\u00ab\u00a0component\u00a0\u00bb:\u00a0\u00bbhc_section\u00a0\u00bb,\u00a0\u00bbid\u00a0\u00bb:\u00a0\u00bbsection_5ZtkF\u00a0\u00bb,\u00a0\u00bbsection_width\u00a0\u00bb:\u00a0\u00bb\u00a0\u00bb,\u00a0\u00bbanimation\u00a0\u00bb:\u00a0\u00bb\u00a0\u00bb,\u00a0\u00bbanimation_time\u00a0\u00bb:\u00a0\u00bb\u00a0\u00bb,\u00a0\u00bbtimeline_animation\u00a0\u00bb:\u00a0\u00bb\u00a0\u00bb,\u00a0\u00bbtimeline_delay\u00a0\u00bb:\u00a0\u00bb\u00a0\u00bb,\u00a0\u00bbtimeline_order\u00a0\u00bb:\u00a0\u00bb\u00a0\u00bb,\u00a0\u00bbvertical_row\u00a0\u00bb:\u00a0\u00bb\u00a0\u00bb,\u00a0\u00bbbox_middle\u00a0\u00bb:\u00a0\u00bb\u00a0\u00bb,\u00a0\u00bbcss_classes\u00a0\u00bb:\u00a0\u00bb\u00a0\u00bb,\u00a0\u00bbcustom_css_classes\u00a0\u00bb:\u00a0\u00bb\u00a0\u00bb,\u00a0\u00bbcustom_css_styles\u00a0\u00bb:\u00a0\u00bb\u00a0\u00bb,\u00a0\u00bbsection_content\u00a0\u00bb:[{\u00ab\u00a0component\u00a0\u00bb:\u00a0\u00bbhc_column\u00a0\u00bb,\u00a0\u00bbid\u00a0\u00bb:\u00a0\u00bbcolumn_of1VR\u00a0\u00bb,\u00a0\u00bbcolumn_width\u00a0\u00bb:\u00a0\u00bbcol-md-12&Prime;,\u00a0\u00bbanimation\u00a0\u00bb:\u00a0\u00bb\u00a0\u00bb,\u00a0\u00bbanimation_time\u00a0\u00bb:\u00a0\u00bb\u00a0\u00bb,\u00a0\u00bbtimeline_animation\u00a0\u00bb:\u00a0\u00bb\u00a0\u00bb,\u00a0\u00bbtimeline_delay\u00a0\u00bb:\u00a0\u00bb\u00a0\u00bb,\u00a0\u00bbtimeline_order\u00a0\u00bb:\u00a0\u00bb\u00a0\u00bb,\u00a0\u00bbcss_classes\u00a0\u00bb:\u00a0\u00bb\u00a0\u00bb,\u00a0\u00bbcustom_css_classes\u00a0\u00bb:\u00a0\u00bb\u00a0\u00bb,\u00a0\u00bbcustom_css_styles\u00a0\u00bb:\u00a0\u00bb\u00a0\u00bb,\u00a0\u00bbmain_content\u00a0\u00bb:[{\u00ab\u00a0component\u00a0\u00bb:\u00a0\u00bbhc_wp_editor\u00a0\u00bb,\u00a0\u00bbid\u00a0\u00bb:\u00a0\u00bb0c5b0&Prime;,\u00a0\u00bbcss_classes\u00a0\u00bb:\u00a0\u00bb\u00a0\u00bb,\u00a0\u00bbcustom_css_classes\u00a0\u00bb:\u00a0\u00bb\u00a0\u00bb,\u00a0\u00bbcustom_css_styles\u00a0\u00bb:\u00a0\u00bb\u00a0\u00bb,\u00a0\u00bbeditor_content\u00a0\u00bb:\u00a0\u00bb Responsabilit\u00e9 de contenu \\nSeefeld a fait preuve de la plus grande diligence lors de la cr\u00e9ation des pages de son site Web. Toutefois, nous ne pouvons \u00eatre tenus responsables de la pr\u00e9cision, de l\u2019exhaustivit\u00e9 ou de la fiabilit\u00e9 du contenu des pr\u00e9sentes.\\n Responsabilit\u00e9 des liens \\nNotre site contient des liens \u00e0 des sites Web [&hellip;]<\/p>\n","protected":false},"author":4,"featured_media":0,"parent":0,"menu_order":0,"comment_status":"closed","ping_status":"closed","template":"","meta":[],"yoast_head":"<!-- This site is optimized with the Yoast SEO plugin v21.1 - https:\/\/yoast.com\/wordpress\/plugins\/seo\/ -->\n<title>Droits d\u2019auteur - SEEFELD<\/title>\n<meta name=\"robots\" content=\"index, follow, max-snippet:-1, max-image-preview:large, max-video-preview:-1\" \/>\n<link rel=\"canonical\" href=\"https:\/\/www.seefeldgroup.com\/fr\/droits-d-auteur\/\" \/>\n<meta property=\"og:locale\" content=\"fr_FR\" \/>\n<meta property=\"og:type\" content=\"article\" \/>\n<meta property=\"og:title\" content=\"Droits d\u2019auteur - SEEFELD\" \/>\n<meta property=\"og:description\" content=\"{\u00ab\u00a0main-title\u00a0\u00bb:{\u00ab\u00a0component\u00a0\u00bb:\u00a0\u00bbhc_title\u00a0\u00bb,\u00a0\u00bbid\u00a0\u00bb:\u00a0\u00bbmain-title\u00a0\u00bb,\u00a0\u00bbtitle\u00a0\u00bb:\u00a0\u00bb\u00a0\u00bb,\u00a0\u00bbsubtitle\u00a0\u00bb:\u00a0\u00bb\u00a0\u00bb,\u00a0\u00bbtitle_content\u00a0\u00bb:{\u00ab\u00a0component\u00a0\u00bb:\u00a0\u00bbhc_title_base\u00a0\u00bb,\u00a0\u00bbid\u00a0\u00bb:\u00a0\u00bbtitle-base\u00a0\u00bb,\u00a0\u00bbimage\u00a0\u00bb:\u00a0\u00bbhttps:\/\/www.seefeldgroup.com\/wp-content\/uploads\/2019\/01\/bg-what-we-do-1024&#215;133.jpg|250|1920|3562&Prime;,\u00a0\u00bbbreadcrumbs\u00a0\u00bb:false,\u00a0\u00bbwhite\u00a0\u00bb:false}},\u00a0\u00bbsection_5ZtkF\u00a0\u00bb:{\u00ab\u00a0component\u00a0\u00bb:\u00a0\u00bbhc_section\u00a0\u00bb,\u00a0\u00bbid\u00a0\u00bb:\u00a0\u00bbsection_5ZtkF\u00a0\u00bb,\u00a0\u00bbsection_width\u00a0\u00bb:\u00a0\u00bb\u00a0\u00bb,\u00a0\u00bbanimation\u00a0\u00bb:\u00a0\u00bb\u00a0\u00bb,\u00a0\u00bbanimation_time\u00a0\u00bb:\u00a0\u00bb\u00a0\u00bb,\u00a0\u00bbtimeline_animation\u00a0\u00bb:\u00a0\u00bb\u00a0\u00bb,\u00a0\u00bbtimeline_delay\u00a0\u00bb:\u00a0\u00bb\u00a0\u00bb,\u00a0\u00bbtimeline_order\u00a0\u00bb:\u00a0\u00bb\u00a0\u00bb,\u00a0\u00bbvertical_row\u00a0\u00bb:\u00a0\u00bb\u00a0\u00bb,\u00a0\u00bbbox_middle\u00a0\u00bb:\u00a0\u00bb\u00a0\u00bb,\u00a0\u00bbcss_classes\u00a0\u00bb:\u00a0\u00bb\u00a0\u00bb,\u00a0\u00bbcustom_css_classes\u00a0\u00bb:\u00a0\u00bb\u00a0\u00bb,\u00a0\u00bbcustom_css_styles\u00a0\u00bb:\u00a0\u00bb\u00a0\u00bb,\u00a0\u00bbsection_content\u00a0\u00bb:[{\u00ab\u00a0component\u00a0\u00bb:\u00a0\u00bbhc_column\u00a0\u00bb,\u00a0\u00bbid\u00a0\u00bb:\u00a0\u00bbcolumn_of1VR\u00a0\u00bb,\u00a0\u00bbcolumn_width\u00a0\u00bb:\u00a0\u00bbcol-md-12&Prime;,\u00a0\u00bbanimation\u00a0\u00bb:\u00a0\u00bb\u00a0\u00bb,\u00a0\u00bbanimation_time\u00a0\u00bb:\u00a0\u00bb\u00a0\u00bb,\u00a0\u00bbtimeline_animation\u00a0\u00bb:\u00a0\u00bb\u00a0\u00bb,\u00a0\u00bbtimeline_delay\u00a0\u00bb:\u00a0\u00bb\u00a0\u00bb,\u00a0\u00bbtimeline_order\u00a0\u00bb:\u00a0\u00bb\u00a0\u00bb,\u00a0\u00bbcss_classes\u00a0\u00bb:\u00a0\u00bb\u00a0\u00bb,\u00a0\u00bbcustom_css_classes\u00a0\u00bb:\u00a0\u00bb\u00a0\u00bb,\u00a0\u00bbcustom_css_styles\u00a0\u00bb:\u00a0\u00bb\u00a0\u00bb,\u00a0\u00bbmain_content\u00a0\u00bb:[{\u00ab\u00a0component\u00a0\u00bb:\u00a0\u00bbhc_wp_editor\u00a0\u00bb,\u00a0\u00bbid\u00a0\u00bb:\u00a0\u00bb0c5b0&Prime;,\u00a0\u00bbcss_classes\u00a0\u00bb:\u00a0\u00bb\u00a0\u00bb,\u00a0\u00bbcustom_css_classes\u00a0\u00bb:\u00a0\u00bb\u00a0\u00bb,\u00a0\u00bbcustom_css_styles\u00a0\u00bb:\u00a0\u00bb\u00a0\u00bb,\u00a0\u00bbeditor_content\u00a0\u00bb:\u00a0\u00bb Responsabilit\u00e9 de contenu nSeefeld a fait preuve de la plus grande diligence lors de la cr\u00e9ation des pages de son site Web. Toutefois, nous ne pouvons \u00eatre tenus responsables de la pr\u00e9cision, de l\u2019exhaustivit\u00e9 ou de la fiabilit\u00e9 du contenu des pr\u00e9sentes.n Responsabilit\u00e9 des liens nNotre site contient des liens \u00e0 des sites Web [&hellip;]\" \/>\n<meta property=\"og:url\" content=\"https:\/\/www.seefeldgroup.com\/fr\/droits-d-auteur\/\" \/>\n<meta property=\"og:site_name\" content=\"SEEFELD\" \/>\n<meta property=\"article:modified_time\" content=\"2019-01-31T01:21:51+00:00\" \/>\n<meta name=\"twitter:card\" content=\"summary_large_image\" \/>\n<meta name=\"twitter:label1\" content=\"Dur\u00e9e de lecture estim\u00e9e\" \/>\n\t<meta name=\"twitter:data1\" content=\"4 minutes\" \/>\n<script type=\"application\/ld+json\" class=\"yoast-schema-graph\">{\"@context\":\"https:\/\/schema.org\",\"@graph\":[{\"@type\":\"WebPage\",\"@id\":\"https:\/\/www.seefeldgroup.com\/fr\/droits-d-auteur\/\",\"url\":\"https:\/\/www.seefeldgroup.com\/fr\/droits-d-auteur\/\",\"name\":\"Droits d\u2019auteur - SEEFELD\",\"isPartOf\":{\"@id\":\"https:\/\/www.seefeldgroup.com\/fr\/#website\"},\"datePublished\":\"2019-01-27T03:22:46+00:00\",\"dateModified\":\"2019-01-31T01:21:51+00:00\",\"breadcrumb\":{\"@id\":\"https:\/\/www.seefeldgroup.com\/fr\/droits-d-auteur\/#breadcrumb\"},\"inLanguage\":\"fr-FR\",\"potentialAction\":[{\"@type\":\"ReadAction\",\"target\":[\"https:\/\/www.seefeldgroup.com\/fr\/droits-d-auteur\/\"]}]},{\"@type\":\"BreadcrumbList\",\"@id\":\"https:\/\/www.seefeldgroup.com\/fr\/droits-d-auteur\/#breadcrumb\",\"itemListElement\":[{\"@type\":\"ListItem\",\"position\":1,\"name\":\"Accueil\",\"item\":\"https:\/\/www.seefeldgroup.com\/fr\/home-activity\/\"},{\"@type\":\"ListItem\",\"position\":2,\"name\":\"Droits d\u2019auteur\"}]},{\"@type\":\"WebSite\",\"@id\":\"https:\/\/www.seefeldgroup.com\/fr\/#website\",\"url\":\"https:\/\/www.seefeldgroup.com\/fr\/\",\"name\":\"SEEFELD\",\"description\":\"Un site utilisant WordPress\",\"potentialAction\":[{\"@type\":\"SearchAction\",\"target\":{\"@type\":\"EntryPoint\",\"urlTemplate\":\"https:\/\/www.seefeldgroup.com\/fr\/?s={search_term_string}\"},\"query-input\":\"required name=search_term_string\"}],\"inLanguage\":\"fr-FR\"}]}<\/script>\n<!-- \/ Yoast SEO plugin. -->","yoast_head_json":{"title":"Droits d\u2019auteur - SEEFELD","robots":{"index":"index","follow":"follow","max-snippet":"max-snippet:-1","max-image-preview":"max-image-preview:large","max-video-preview":"max-video-preview:-1"},"canonical":"https:\/\/www.seefeldgroup.com\/fr\/droits-d-auteur\/","og_locale":"fr_FR","og_type":"article","og_title":"Droits d\u2019auteur - SEEFELD","og_description":"{\u00ab\u00a0main-title\u00a0\u00bb:{\u00ab\u00a0component\u00a0\u00bb:\u00a0\u00bbhc_title\u00a0\u00bb,\u00a0\u00bbid\u00a0\u00bb:\u00a0\u00bbmain-title\u00a0\u00bb,\u00a0\u00bbtitle\u00a0\u00bb:\u00a0\u00bb\u00a0\u00bb,\u00a0\u00bbsubtitle\u00a0\u00bb:\u00a0\u00bb\u00a0\u00bb,\u00a0\u00bbtitle_content\u00a0\u00bb:{\u00ab\u00a0component\u00a0\u00bb:\u00a0\u00bbhc_title_base\u00a0\u00bb,\u00a0\u00bbid\u00a0\u00bb:\u00a0\u00bbtitle-base\u00a0\u00bb,\u00a0\u00bbimage\u00a0\u00bb:\u00a0\u00bbhttps:\/\/www.seefeldgroup.com\/wp-content\/uploads\/2019\/01\/bg-what-we-do-1024&#215;133.jpg|250|1920|3562&Prime;,\u00a0\u00bbbreadcrumbs\u00a0\u00bb:false,\u00a0\u00bbwhite\u00a0\u00bb:false}},\u00a0\u00bbsection_5ZtkF\u00a0\u00bb:{\u00ab\u00a0component\u00a0\u00bb:\u00a0\u00bbhc_section\u00a0\u00bb,\u00a0\u00bbid\u00a0\u00bb:\u00a0\u00bbsection_5ZtkF\u00a0\u00bb,\u00a0\u00bbsection_width\u00a0\u00bb:\u00a0\u00bb\u00a0\u00bb,\u00a0\u00bbanimation\u00a0\u00bb:\u00a0\u00bb\u00a0\u00bb,\u00a0\u00bbanimation_time\u00a0\u00bb:\u00a0\u00bb\u00a0\u00bb,\u00a0\u00bbtimeline_animation\u00a0\u00bb:\u00a0\u00bb\u00a0\u00bb,\u00a0\u00bbtimeline_delay\u00a0\u00bb:\u00a0\u00bb\u00a0\u00bb,\u00a0\u00bbtimeline_order\u00a0\u00bb:\u00a0\u00bb\u00a0\u00bb,\u00a0\u00bbvertical_row\u00a0\u00bb:\u00a0\u00bb\u00a0\u00bb,\u00a0\u00bbbox_middle\u00a0\u00bb:\u00a0\u00bb\u00a0\u00bb,\u00a0\u00bbcss_classes\u00a0\u00bb:\u00a0\u00bb\u00a0\u00bb,\u00a0\u00bbcustom_css_classes\u00a0\u00bb:\u00a0\u00bb\u00a0\u00bb,\u00a0\u00bbcustom_css_styles\u00a0\u00bb:\u00a0\u00bb\u00a0\u00bb,\u00a0\u00bbsection_content\u00a0\u00bb:[{\u00ab\u00a0component\u00a0\u00bb:\u00a0\u00bbhc_column\u00a0\u00bb,\u00a0\u00bbid\u00a0\u00bb:\u00a0\u00bbcolumn_of1VR\u00a0\u00bb,\u00a0\u00bbcolumn_width\u00a0\u00bb:\u00a0\u00bbcol-md-12&Prime;,\u00a0\u00bbanimation\u00a0\u00bb:\u00a0\u00bb\u00a0\u00bb,\u00a0\u00bbanimation_time\u00a0\u00bb:\u00a0\u00bb\u00a0\u00bb,\u00a0\u00bbtimeline_animation\u00a0\u00bb:\u00a0\u00bb\u00a0\u00bb,\u00a0\u00bbtimeline_delay\u00a0\u00bb:\u00a0\u00bb\u00a0\u00bb,\u00a0\u00bbtimeline_order\u00a0\u00bb:\u00a0\u00bb\u00a0\u00bb,\u00a0\u00bbcss_classes\u00a0\u00bb:\u00a0\u00bb\u00a0\u00bb,\u00a0\u00bbcustom_css_classes\u00a0\u00bb:\u00a0\u00bb\u00a0\u00bb,\u00a0\u00bbcustom_css_styles\u00a0\u00bb:\u00a0\u00bb\u00a0\u00bb,\u00a0\u00bbmain_content\u00a0\u00bb:[{\u00ab\u00a0component\u00a0\u00bb:\u00a0\u00bbhc_wp_editor\u00a0\u00bb,\u00a0\u00bbid\u00a0\u00bb:\u00a0\u00bb0c5b0&Prime;,\u00a0\u00bbcss_classes\u00a0\u00bb:\u00a0\u00bb\u00a0\u00bb,\u00a0\u00bbcustom_css_classes\u00a0\u00bb:\u00a0\u00bb\u00a0\u00bb,\u00a0\u00bbcustom_css_styles\u00a0\u00bb:\u00a0\u00bb\u00a0\u00bb,\u00a0\u00bbeditor_content\u00a0\u00bb:\u00a0\u00bb Responsabilit\u00e9 de contenu nSeefeld a fait preuve de la plus grande diligence lors de la cr\u00e9ation des pages de son site Web. Toutefois, nous ne pouvons \u00eatre tenus responsables de la pr\u00e9cision, de l\u2019exhaustivit\u00e9 ou de la fiabilit\u00e9 du contenu des pr\u00e9sentes.n Responsabilit\u00e9 des liens nNotre site contient des liens \u00e0 des sites Web [&hellip;]","og_url":"https:\/\/www.seefeldgroup.com\/fr\/droits-d-auteur\/","og_site_name":"SEEFELD","article_modified_time":"2019-01-31T01:21:51+00:00","twitter_card":"summary_large_image","twitter_misc":{"Dur\u00e9e de lecture estim\u00e9e":"4 minutes"},"schema":{"@context":"https:\/\/schema.org","@graph":[{"@type":"WebPage","@id":"https:\/\/www.seefeldgroup.com\/fr\/droits-d-auteur\/","url":"https:\/\/www.seefeldgroup.com\/fr\/droits-d-auteur\/","name":"Droits d\u2019auteur - SEEFELD","isPartOf":{"@id":"https:\/\/www.seefeldgroup.com\/fr\/#website"},"datePublished":"2019-01-27T03:22:46+00:00","dateModified":"2019-01-31T01:21:51+00:00","breadcrumb":{"@id":"https:\/\/www.seefeldgroup.com\/fr\/droits-d-auteur\/#breadcrumb"},"inLanguage":"fr-FR","potentialAction":[{"@type":"ReadAction","target":["https:\/\/www.seefeldgroup.com\/fr\/droits-d-auteur\/"]}]},{"@type":"BreadcrumbList","@id":"https:\/\/www.seefeldgroup.com\/fr\/droits-d-auteur\/#breadcrumb","itemListElement":[{"@type":"ListItem","position":1,"name":"Accueil","item":"https:\/\/www.seefeldgroup.com\/fr\/home-activity\/"},{"@type":"ListItem","position":2,"name":"Droits d\u2019auteur"}]},{"@type":"WebSite","@id":"https:\/\/www.seefeldgroup.com\/fr\/#website","url":"https:\/\/www.seefeldgroup.com\/fr\/","name":"SEEFELD","description":"Un site utilisant WordPress","potentialAction":[{"@type":"SearchAction","target":{"@type":"EntryPoint","urlTemplate":"https:\/\/www.seefeldgroup.com\/fr\/?s={search_term_string}"},"query-input":"required name=search_term_string"}],"inLanguage":"fr-FR"}]}},"_links":{"self":[{"href":"https:\/\/www.seefeldgroup.com\/fr\/wp-json\/wp\/v2\/pages\/4152"}],"collection":[{"href":"https:\/\/www.seefeldgroup.com\/fr\/wp-json\/wp\/v2\/pages"}],"about":[{"href":"https:\/\/www.seefeldgroup.com\/fr\/wp-json\/wp\/v2\/types\/page"}],"author":[{"embeddable":true,"href":"https:\/\/www.seefeldgroup.com\/fr\/wp-json\/wp\/v2\/users\/4"}],"replies":[{"embeddable":true,"href":"https:\/\/www.seefeldgroup.com\/fr\/wp-json\/wp\/v2\/comments?post=4152"}],"version-history":[{"count":4,"href":"https:\/\/www.seefeldgroup.com\/fr\/wp-json\/wp\/v2\/pages\/4152\/revisions"}],"predecessor-version":[{"id":4194,"href":"https:\/\/www.seefeldgroup.com\/fr\/wp-json\/wp\/v2\/pages\/4152\/revisions\/4194"}],"wp:attachment":[{"href":"https:\/\/www.seefeldgroup.com\/fr\/wp-json\/wp\/v2\/media?parent=4152"}],"curies":[{"name":"wp","href":"https:\/\/api.w.org\/{rel}","templated":true}]}}